{"id":75,"date":"2025-12-25T18:09:00","date_gmt":"2025-12-25T18:09:00","guid":{"rendered":"http:\/\/cronista.org\/?page_id=75"},"modified":"2026-03-15T22:26:43","modified_gmt":"2026-03-15T22:26:43","slug":"mision","status":"publish","type":"page","link":"https:\/\/cronista.org\/index.php\/mision","title":{"rendered":"Misi\u00f3n"},"content":{"rendered":"<h3 style=\"padding: var(--wp--preset--spacing--40) 0 var(--wp--preset--spacing--40) 0;\"><strong><em>Buscamos la manera de formar el talento\u00a0<\/em><\/strong><br \/><strong><em>Buscamos la manera de generar talento:<\/em><\/strong><br \/><strong>Confianza, formaci\u00f3n, responsabilidad personal<\/strong><\/h3>\n<figure><img decoding=\"async\" src=\"https:\/\/cronista.org\/wp-content\/uploads\/2025\/12\/home-1-1024x354.jpg\" alt=\"\" \/><\/figure>\n<p>El proyecto Talento Social Cronista est\u00e1 impulsado por Prelatura del Opus Dei Delegaci\u00f3n de Arag\u00f3n y Levante, una organizaci\u00f3n sin \u00e1nimo de lucro que tiene por finalidad el mejoramiento de la sociedad mediante la formaci\u00f3n personal a trav\u00e9s de las distintas asociaciones vinculadas a la delegaci\u00f3n.<\/p>\n<p><strong>Organos de gobierno<\/strong><\/p>\n<p><!-- \/wp:post-content --><!-- wp:paragraph {\"style\":{\"spacing\":{\"padding\":{\"top\":\"0\",\"bottom\":\"0\",\"left\":\"0\",\"right\":\"0\"}}},\"fitText\":true} --><\/p>\n<hr \/>\n<p><!-- \/wp:paragraph --><!-- wp:paragraph --><\/p>\n<p>Presidente. Antonio Quintana<\/p>\n<p><!-- \/wp:paragraph --><!-- wp:paragraph --><\/p>\n<p>Vicepresidente: Ana Mar\u00eda G\u00f3mez<\/p>\n<p><!-- \/wp:paragraph --><!-- wp:paragraph --><\/p>\n<p>Secretario: Pedro Instal<\/p>\n<p><!-- \/wp:paragraph --><!-- wp:paragraph --><\/p>\n<p>Vocal-Tesorero: Carmen Palas<\/p>\n<p><!-- \/wp:paragraph --><\/p>\n<p><!-- \/wp:column --><!-- wp:column {\"width\":\"66.66%\"} --><\/p>\n<p><!-- wp:image {\"id\":93,\"sizeSlug\":\"large\",\"linkDestination\":\"none\"} --><\/p>\n<figure><img decoding=\"async\" src=\"https:\/\/cronista.org\/wp-content\/uploads\/2025\/12\/familias-1024x768.jpeg\" alt=\"\" \/><\/figure>\n<p><!-- \/wp:image --><!-- wp:paragraph --><\/p>\n<p><strong>El futuro es talento y el talento crea un futuro en las personas<\/strong><\/p>\n<p><!-- \/wp:paragraph --><\/p>\n<p><!-- \/wp:column --><\/p>\n<p><!-- \/wp:columns --><!-- wp:heading --><\/p>\n<h2><strong>Documentos de la organizaci\u00f3n<\/strong><\/h2>\n<p><!-- \/wp:heading --><!-- wp:paragraph --><\/p>\n<p><a href=\"https:\/\/drive.google.com\/drive\/folders\/1mgNyHJbVKWAuYw-iM8I_YclWYd3frTcs?usp=sharing\">Desde este enlace puede descargar los documentos oficiales de la organizaci\u00f3n<\/a><\/p>\n<p><!-- \/wp:paragraph --><\/p>","protected":false},"excerpt":{"rendered":"<p>Buscamos la manera de formar el talento\u00a0Buscamos la manera de generar talento:Confianza, formaci\u00f3n, responsabilidad personal El proyecto Talento Social Cronista est\u00e1 impulsado por Prelatura del Opus Dei Delegaci\u00f3n de Arag\u00f3n y Levante, una organizaci\u00f3n sin \u00e1nimo de lucro que tiene por finalidad el mejoramiento de la sociedad mediante la formaci\u00f3n personal a trav\u00e9s de las [&hellip;]<\/p>\n","protected":false},"author":1,"featured_media":0,"parent":0,"menu_order":0,"comment_status":"closed","ping_status":"closed","template":"","meta":{"footnotes":""},"class_list":["post-75","page","type-page","status-publish","hentry"],"_links":{"self":[{"href":"https:\/\/cronista.org\/index.php\/wp-json\/wp\/v2\/pages\/75","targetHints":{"allow":["GET"]}}],"collection":[{"href":"https:\/\/cronista.org\/index.php\/wp-json\/wp\/v2\/pages"}],"about":[{"href":"https:\/\/cronista.org\/index.php\/wp-json\/wp\/v2\/types\/page"}],"author":[{"embeddable":true,"href":"https:\/\/cronista.org\/index.php\/wp-json\/wp\/v2\/users\/1"}],"replies":[{"embeddable":true,"href":"https:\/\/cronista.org\/index.php\/wp-json\/wp\/v2\/comments?post=75"}],"version-history":[{"count":10,"href":"https:\/\/cronista.org\/index.php\/wp-json\/wp\/v2\/pages\/75\/revisions"}],"predecessor-version":[{"id":228,"href":"https:\/\/cronista.org\/index.php\/wp-json\/wp\/v2\/pages\/75\/revisions\/228"}],"wp:attachment":[{"href":"https:\/\/cronista.org\/index.php\/wp-json\/wp\/v2\/media?parent=75"}],"curies":[{"name":"wp","href":"https:\/\/api.w.org\/{rel}","templated":true}]}}