{"id":78,"date":"2025-12-25T18:09:28","date_gmt":"2025-12-25T18:09:28","guid":{"rendered":"http:\/\/cronista.org\/?page_id=78"},"modified":"2026-04-03T10:38:23","modified_gmt":"2026-04-03T10:38:23","slug":"actividades","status":"publish","type":"page","link":"https:\/\/cronista.org\/index.php\/actividades","title":{"rendered":"Actividades"},"content":{"rendered":"\t\t<div data-elementor-type=\"wp-page\" data-elementor-id=\"78\" class=\"elementor elementor-78\">\n\t\t\t\t<div class=\"elementor-element elementor-element-6becee4 e-flex e-con-boxed e-con e-parent\" data-id=\"6becee4\" data-element_type=\"container\" data-e-type=\"container\">\n\t\t\t\t\t<div class=\"e-con-inner\">\n\t\t\t\t<div class=\"elementor-element elementor-element-a5ff6db elementor-widget elementor-widget-button\" data-id=\"a5ff6db\" data-element_type=\"widget\" data-e-type=\"widget\" data-widget_type=\"button.default\">\n\t\t\t\t\t\t\t\t\t\t<a class=\"elementor-button elementor-button-link elementor-size-sm\" href=\"https:\/\/fundacioncastellnovo.playoffinformatica.com\/preinscripcion\/8\/Formulario-de-Donacion\/\">\n\t\t\t\t\t\t<span class=\"elementor-button-content-wrapper\">\n\t\t\t\t\t\t\t\t\t<span class=\"elementor-button-text\">Necisitamos tu ayuda<\/span>\n\t\t\t\t\t<\/span>\n\t\t\t\t\t<\/a>\n\t\t\t\t\t\t\t\t<\/div>\n\t\t\t\t\t<\/div>\n\t\t\t\t<\/div>\n\t\t<div class=\"elementor-element elementor-element-763a2d11 e-grid e-con-full e-con e-parent\" data-id=\"763a2d11\" data-element_type=\"container\" data-e-type=\"container\">\n\t\t\t\t<div class=\"elementor-element elementor-element-3c476b28 elementor-widget elementor-widget-text-editor\" data-id=\"3c476b28\" data-element_type=\"widget\" data-e-type=\"widget\" data-widget_type=\"text-editor.default\">\n\t\t\t\t\t\t\t\t\t\n<h2 class=\"wp-block-heading has-text-align-center\"><strong>\u00bfQu\u00e9 es lo que hace que nuestro equipo luche por un objetivo com\u00fan?\u00a0<\/strong><strong>El talento social y para la sociedad<\/strong><\/h2>\n<hr class=\"wp-block-separator has-alpha-channel-opacity\" \/>\n<div class=\"wp-block-column is-layout-flow wp-block-column-is-layout-flow\">\n<figure class=\"wp-block-image size-large\"><img fetchpriority=\"high\" decoding=\"async\" width=\"1024\" height=\"560\" class=\"wp-image-124\" src=\"https:\/\/cronista.org\/wp-content\/uploads\/2025\/12\/sesiones-1-1024x560.jpg\" alt=\"\" srcset=\"https:\/\/cronista.org\/wp-content\/uploads\/2025\/12\/sesiones-1-1024x560.jpg 1024w, https:\/\/cronista.org\/wp-content\/uploads\/2025\/12\/sesiones-1-300x164.jpg 300w, https:\/\/cronista.org\/wp-content\/uploads\/2025\/12\/sesiones-1-768x420.jpg 768w, https:\/\/cronista.org\/wp-content\/uploads\/2025\/12\/sesiones-1.jpg 1474w\" sizes=\"(max-width: 1024px) 100vw, 1024px\" \/><\/figure>\n<\/div>\n<\/div>\n<p><!--nextpage--><\/p>\n\n<div class=\"wp-block-columns is-layout-flex wp-container-core-columns-is-layout-28f84493 wp-block-columns-is-layout-flex\">\n<div class=\"wp-block-column is-layout-flow wp-block-column-is-layout-flow\">\n<h2 class=\"wp-block-heading has-text-align-center\">Voluntariad y sesiones formativas<\/h2>\n<h5 class=\"wp-block-heading has-text-align-center\">La solidaridad y la ayuda a los que m\u00e1s lo necesitan es uno de los pilares de nuestra formaci\u00f3n. Dedicar tiempo a los dem\u00e1s de manera desinteresada es un camino esencial para crecer y desarrollarse como personas. Por ello realizamos diferentes actividades contando con la colaboraci\u00f3n de Cooperaci\u00f3n Internacional .<\/h5>\n<\/div>\n<\/div>\n<div class=\"wp-block-columns\">\n<div class=\"wp-block-column\">\n<ul class=\"wp-block-list\">\n<li>Programas de acompa\u00f1amiento a personas mayores<\/li>\n\n<li>Refuerzo escolar en barrios vulnerables<\/li>\n\n<li>Campa\u00f1as solidarias y de recogida de alimentos<\/li>\n\n<li>Iniciativas de apoyo comunitario<\/li>\n<\/ul>\n<\/div>\n\n<div class=\"wp-block-column is-layout-flow wp-block-column-is-layout-flow\">\n<ul class=\"wp-block-list\">\n<li>Complementamos la experiencia de voluntariado con sesiones formativas orientadas al desarrollo personal y social. Algunos temas incluyen:<\/li>\n\n<li>Educaci\u00f3n del car\u00e1cter<\/li>\n\n<li>Habilidades sociales y comunicaci\u00f3n<\/li>\n\n<li>Trabajo en equipo y liderazgo<\/li>\n\n<li>\u00c9tica y responsabilidad social<\/li>\n<\/ul>\n<\/div>\n<\/div>\n\n<div class=\"wp-block-columns is-layout-flex wp-container-core-columns-is-layout-28f84493 wp-block-columns-is-layout-flex\">\n<div class=\"wp-block-column is-layout-flow wp-block-column-is-layout-flow\">\n<figure class=\"wp-block-image size-large\"><img decoding=\"async\" width=\"1024\" height=\"682\" class=\"wp-image-96\" src=\"https:\/\/cronista.org\/wp-content\/uploads\/2025\/12\/estudio-1024x682.jpg\" alt=\"\" srcset=\"https:\/\/cronista.org\/wp-content\/uploads\/2025\/12\/estudio-1024x682.jpg 1024w, https:\/\/cronista.org\/wp-content\/uploads\/2025\/12\/estudio-300x200.jpg 300w, https:\/\/cronista.org\/wp-content\/uploads\/2025\/12\/estudio-768x511.jpg 768w, https:\/\/cronista.org\/wp-content\/uploads\/2025\/12\/estudio.jpg 1472w\" sizes=\"(max-width: 1024px) 100vw, 1024px\" \/>\n\n<\/figure>\n<\/div>\n\n<div class=\"wp-block-column is-layout-flow wp-block-column-is-layout-flow\">\n<figure class=\"wp-block-image size-large\"><img decoding=\"async\" width=\"1024\" height=\"794\" class=\"wp-image-125\" src=\"https:\/\/cronista.org\/wp-content\/uploads\/2025\/12\/formacion-scaled-e1766706516320-1024x794.jpg\" alt=\"\" srcset=\"https:\/\/cronista.org\/wp-content\/uploads\/2025\/12\/formacion-scaled-e1766706516320-1024x794.jpg 1024w, https:\/\/cronista.org\/wp-content\/uploads\/2025\/12\/formacion-scaled-e1766706516320-300x233.jpg 300w, https:\/\/cronista.org\/wp-content\/uploads\/2025\/12\/formacion-scaled-e1766706516320-768x595.jpg 768w, https:\/\/cronista.org\/wp-content\/uploads\/2025\/12\/formacion-scaled-e1766706516320.jpg 1276w\" sizes=\"(max-width: 1024px) 100vw, 1024px\" \/><\/figure>\n<\/div>\n<\/div>\n\n<div class=\"wp-block-columns is-layout-flex wp-container-core-columns-is-layout-28f84493 wp-block-columns-is-layout-flex\">\n<div class=\"wp-block-column is-layout-flow wp-block-column-is-layout-flow\">\n<h4><strong>Cada persona es \u00fanica. Descubre el talento que hay en ella.<\/strong><\/h4>\n<\/div>\n\n<div class=\"wp-block-column is-layout-flow wp-block-column-is-layout-flow\">\n<p>Despertar inquietudes, abrir horizontes y ense\u00f1ar a los talentos a adquirir una mirada profunda\u00a0<\/p>\n\n<p>Por eso, tertulias con profesionales, cursos de mejora del trabajo y el rendimiento acad\u00e9mico, cine-f\u00f3rum o libro-f\u00f3rum, hacer teatro o filmar un cortometraje, visitas a museos, y hacer actividades y convivencias de car\u00e1cter cultural son maneras de crear un clima propicio que encienda la ilusi\u00f3n profesional\u00a0<\/p>\n<\/div>\n<\/div>\n<hr class=\"wp-block-separator has-alpha-channel-opacity\" \/>\n<p>\u00a0<\/p>\n\t\t\t\t\t\t\t\t<\/div>\n\t\t\t\t<\/div>\n\t\t<div class=\"elementor-element elementor-element-d473720 e-flex e-con-boxed e-con e-parent\" data-id=\"d473720\" data-element_type=\"container\" data-e-type=\"container\">\n\t\t\t\t\t<div class=\"e-con-inner\">\n\t\t\t\t<div class=\"elementor-element elementor-element-f4fe3ad elementor-widget elementor-widget-button\" data-id=\"f4fe3ad\" data-element_type=\"widget\" data-e-type=\"widget\" data-widget_type=\"button.default\">\n\t\t\t\t\t\t\t\t\t\t<a class=\"elementor-button elementor-button-link elementor-size-sm\" href=\"https:\/\/fundacioncastellnovo.playoffinformatica.com\/preinscripcion\/8\/Formulario-de-Donacion\/\">\n\t\t\t\t\t\t<span class=\"elementor-button-content-wrapper\">\n\t\t\t\t\t\t\t\t\t<span class=\"elementor-button-text\">No dejes de ayudarnos<\/span>\n\t\t\t\t\t<\/span>\n\t\t\t\t\t<\/a>\n\t\t\t\t\t\t\t\t<\/div>\n\t\t\t\t\t<\/div>\n\t\t\t\t<\/div>\n\t\t\n<div class=\"wp-block-columns is-layout-flex wp-container-core-columns-is-layout-28f84493 wp-block-columns-is-layout-flex\">\n<div class=\"wp-block-column is-layout-flow wp-block-column-is-layout-flow\"><figure class=\"wp-block-post-featured-image\"><img loading=\"lazy\" decoding=\"async\" width=\"1474\" height=\"980\" src=\"https:\/\/cronista.org\/wp-content\/uploads\/2025\/12\/voluntariado.jpg\" class=\"attachment-post-thumbnail size-post-thumbnail wp-post-image\" alt=\"\" style=\"object-fit:cover;\" srcset=\"https:\/\/cronista.org\/wp-content\/uploads\/2025\/12\/voluntariado.jpg 1474w, https:\/\/cronista.org\/wp-content\/uploads\/2025\/12\/voluntariado-300x199.jpg 300w, https:\/\/cronista.org\/wp-content\/uploads\/2025\/12\/voluntariado-1024x681.jpg 1024w, https:\/\/cronista.org\/wp-content\/uploads\/2025\/12\/voluntariado-768x511.jpg 768w\" sizes=\"(max-width: 1474px) 100vw, 1474px\" \/><\/figure><\/div>\n<!-- wp:column -->\n<div class=\"wp-block-column\"><!-- wp:image {\"id\":124,\"sizeSlug\":\"large\",\"linkDestination\":\"none\"} -->\n<figure class=\"wp-block-image size-large\"><img fetchpriority=\"high\" decoding=\"async\" width=\"1024\" height=\"560\" class=\"wp-image-124\" src=\"https:\/\/cronista.org\/wp-content\/uploads\/2025\/12\/sesiones-1-1024x560.jpg\" alt=\"\" srcset=\"https:\/\/cronista.org\/wp-content\/uploads\/2025\/12\/sesiones-1-1024x560.jpg 1024w, https:\/\/cronista.org\/wp-content\/uploads\/2025\/12\/sesiones-1-300x164.jpg 300w, https:\/\/cronista.org\/wp-content\/uploads\/2025\/12\/sesiones-1-768x420.jpg 768w, https:\/\/cronista.org\/wp-content\/uploads\/2025\/12\/sesiones-1.jpg 1474w\" sizes=\"(max-width: 1024px) 100vw, 1024px\" \/><\/figure>\n<\/div>\n<\/div>\n<p><!--nextpage--><\/p>\n<!-- \/wp:nextpage --><!-- wp:columns -->\n<div class=\"wp-block-columns\"><!-- wp:column -->\n<div class=\"wp-block-column\"><!-- wp:heading {\"textAlign\":\"center\"} -->\n<h2 class=\"wp-block-heading has-text-align-center\">Voluntariad y sesiones formativas<\/h2>\n<h5 class=\"wp-block-heading has-text-align-center\">La solidaridad y la ayuda a los que m\u00e1s lo necesitan es uno de los pilares de nuestra formaci\u00f3n. Dedicar tiempo a los dem\u00e1s de manera desinteresada es un camino esencial para crecer y desarrollarse como personas. Por ello realizamos diferentes actividades contando con la colaboraci\u00f3n de Cooperaci\u00f3n Internacional .<\/h5>\n<\/div>\n<\/div>\n<div class=\"wp-block-columns\">\n<div class=\"wp-block-column\"><!-- \/wp:paragraph --><!-- wp:list -->\n<ul class=\"wp-block-list\"><!-- wp:list-item -->\n<li>Programas de acompa\u00f1amiento a personas mayores<\/li>\n<!-- \/wp:list-item --><!-- wp:list-item -->\n<li>Refuerzo escolar en barrios vulnerables<\/li>\n<!-- \/wp:list-item --><!-- wp:list-item -->\n<li>Campa\u00f1as solidarias y de recogida de alimentos<\/li>\n<!-- \/wp:list-item --><!-- wp:list-item -->\n<li>Iniciativas de apoyo comunitario<\/li>\n<!-- \/wp:list-item --><\/ul>\n<!-- \/wp:list --><\/div>\n<!-- \/wp:column --><!-- wp:column -->\n<div class=\"wp-block-column\"><!-- wp:list -->\n<ul class=\"wp-block-list\"><!-- wp:list-item -->\n<li>Complementamos la experiencia de voluntariado con sesiones formativas orientadas al desarrollo personal y social. Algunos temas incluyen:<\/li>\n<!-- \/wp:list-item --><!-- wp:list-item -->\n<li>Educaci\u00f3n del car\u00e1cter<\/li>\n<!-- \/wp:list-item --><!-- wp:list-item -->\n<li>Habilidades sociales y comunicaci\u00f3n<\/li>\n<!-- \/wp:list-item --><!-- wp:list-item -->\n<li>Trabajo en equipo y liderazgo<\/li>\n<!-- \/wp:list-item --><!-- wp:list-item -->\n<li>\u00c9tica y responsabilidad social<\/li>\n<!-- \/wp:list-item --><\/ul>\n<!-- \/wp:list --><\/div>\n<!-- \/wp:column --><\/div>\n<!-- \/wp:columns --><!-- wp:columns -->\n<div class=\"wp-block-columns\"><!-- wp:column -->\n<div class=\"wp-block-column\"><!-- wp:image {\"id\":96,\"sizeSlug\":\"large\",\"linkDestination\":\"none\"} -->\n<figure class=\"wp-block-image size-large\"><img decoding=\"async\" width=\"1024\" height=\"682\" class=\"wp-image-96\" src=\"https:\/\/cronista.org\/wp-content\/uploads\/2025\/12\/estudio-1024x682.jpg\" alt=\"\" srcset=\"https:\/\/cronista.org\/wp-content\/uploads\/2025\/12\/estudio-1024x682.jpg 1024w, https:\/\/cronista.org\/wp-content\/uploads\/2025\/12\/estudio-300x200.jpg 300w, https:\/\/cronista.org\/wp-content\/uploads\/2025\/12\/estudio-768x511.jpg 768w, https:\/\/cronista.org\/wp-content\/uploads\/2025\/12\/estudio.jpg 1472w\" sizes=\"(max-width: 1024px) 100vw, 1024px\" \/>\n<figcaption class=\"wp-element-caption\"><\/figcaption>\n<\/figure>\n<!-- \/wp:image --><\/div>\n<!-- \/wp:column --><!-- wp:column -->\n<div class=\"wp-block-column\"><!-- wp:image {\"id\":125,\"sizeSlug\":\"large\",\"linkDestination\":\"none\"} -->\n<figure class=\"wp-block-image size-large\"><img decoding=\"async\" width=\"1024\" height=\"794\" class=\"wp-image-125\" src=\"https:\/\/cronista.org\/wp-content\/uploads\/2025\/12\/formacion-scaled-e1766706516320-1024x794.jpg\" alt=\"\" srcset=\"https:\/\/cronista.org\/wp-content\/uploads\/2025\/12\/formacion-scaled-e1766706516320-1024x794.jpg 1024w, https:\/\/cronista.org\/wp-content\/uploads\/2025\/12\/formacion-scaled-e1766706516320-300x233.jpg 300w, https:\/\/cronista.org\/wp-content\/uploads\/2025\/12\/formacion-scaled-e1766706516320-768x595.jpg 768w, https:\/\/cronista.org\/wp-content\/uploads\/2025\/12\/formacion-scaled-e1766706516320.jpg 1276w\" sizes=\"(max-width: 1024px) 100vw, 1024px\" \/><\/figure>\n<!-- \/wp:image --><\/div>\n<!-- \/wp:column --><\/div>\n<!-- \/wp:columns --><!-- wp:columns -->\n<div class=\"wp-block-columns\"><!-- wp:column -->\n<div class=\"wp-block-column\"><!-- wp:paragraph -->\n<h4><strong>Cada persona es \u00fanica. Descubre el talento que hay en ella.<\/strong><\/h4>\n<!-- \/wp:paragraph --><\/div>\n<!-- \/wp:column --><!-- wp:column -->\n<div class=\"wp-block-column\"><!-- wp:paragraph -->\n<p>Despertar inquietudes, abrir horizontes y ense\u00f1ar a los talentos a adquirir una mirada profunda\u00a0<\/p>\n<!-- \/wp:paragraph --><!-- wp:paragraph -->\n<p>Por eso, tertulias con profesionales, cursos de mejora del trabajo y el rendimiento acad\u00e9mico, cine-f\u00f3rum o libro-f\u00f3rum, hacer teatro o filmar un cortometraje, visitas a museos, y hacer actividades y convivencias de car\u00e1cter cultural son maneras de crear un clima propicio que encienda la ilusi\u00f3n profesional\u00a0<\/p>\n<!-- \/wp:paragraph --><\/div>\n<!-- \/wp:column --><\/div>\n<!-- \/wp:columns --><!-- wp:separator --><hr class=\"wp-block-separator has-alpha-channel-opacity\" \/><!-- \/wp:separator --><!-- wp:html -->\n<p>\u00a0<\/p>\n<!-- \/wp:separator -->\t\t\t\t\t\t\t\t<\/div>\n\t\t\t\t<\/div>\n\t\t<div class=\"elementor-element elementor-element-d473720 e-flex e-con-boxed e-con e-parent\" data-id=\"d473720\" data-element_type=\"container\" data-e-type=\"container\">\n\t\t\t\t\t<div class=\"e-con-inner\">\n\t\t\t\t<div class=\"elementor-element elementor-element-f4fe3ad elementor-widget elementor-widget-button\" data-id=\"f4fe3ad\" data-element_type=\"widget\" data-e-type=\"widget\" data-widget_type=\"button.default\">\n\t\t\t\t\t\t\t\t\t\t<a class=\"elementor-button elementor-button-link elementor-size-sm\" href=\"https:\/\/fundacioncastellnovo.playoffinformatica.com\/preinscripcion\/8\/Formulario-de-Donacion\/\">\n\t\t\t\t\t\t<span class=\"elementor-button-content-wrapper\">\n\t\t\t\t\t\t\t\t\t<span class=\"elementor-button-text\">No dejes de ayudarnos<\/span>\n\t\t\t\t\t<\/span>\n\t\t\t\t\t<\/a>\n\t\t\t\t\t\t\t\t<\/div>\n\t\t\t\t\t<\/div>\n\t\t\t\t<\/div>\n\t\t\t\t<\/div>\n\t\t","protected":false},"excerpt":{"rendered":"<p>Necisitamos tu ayuda \u00bfQu\u00e9 es lo que hace que nuestro equipo luche por un objetivo com\u00fan?\u00a0El talento social y para la sociedad<\/p>\n","protected":false},"author":1,"featured_media":95,"parent":0,"menu_order":0,"comment_status":"closed","ping_status":"closed","template":"plantilla-general","meta":{"footnotes":""},"class_list":["post-78","page","type-page","status-publish","has-post-thumbnail","hentry"],"_links":{"self":[{"href":"https:\/\/cronista.org\/index.php\/wp-json\/wp\/v2\/pages\/78","targetHints":{"allow":["GET"]}}],"collection":[{"href":"https:\/\/cronista.org\/index.php\/wp-json\/wp\/v2\/pages"}],"about":[{"href":"https:\/\/cronista.org\/index.php\/wp-json\/wp\/v2\/types\/page"}],"author":[{"embeddable":true,"href":"https:\/\/cronista.org\/index.php\/wp-json\/wp\/v2\/users\/1"}],"replies":[{"embeddable":true,"href":"https:\/\/cronista.org\/index.php\/wp-json\/wp\/v2\/comments?post=78"}],"version-history":[{"count":35,"href":"https:\/\/cronista.org\/index.php\/wp-json\/wp\/v2\/pages\/78\/revisions"}],"predecessor-version":[{"id":280,"href":"https:\/\/cronista.org\/index.php\/wp-json\/wp\/v2\/pages\/78\/revisions\/280"}],"wp:featuredmedia":[{"embeddable":true,"href":"https:\/\/cronista.org\/index.php\/wp-json\/wp\/v2\/media\/95"}],"wp:attachment":[{"href":"https:\/\/cronista.org\/index.php\/wp-json\/wp\/v2\/media?parent=78"}],"curies":[{"name":"wp","href":"https:\/\/api.w.org\/{rel}","templated":true}]}}